{"id":1080,"date":"2023-07-04T21:42:06","date_gmt":"2023-07-04T21:42:06","guid":{"rendered":"https:\/\/accento-muenchen.de\/?page_id=1080"},"modified":"2023-07-04T22:07:22","modified_gmt":"2023-07-04T22:07:22","slug":"pauken","status":"publish","type":"page","link":"https:\/\/accento-muenchen.de\/en\/unterstuetzen\/pauken\/","title":{"rendered":"Pauken"},"content":{"rendered":"<div data-elementor-type=\"wp-page\" data-elementor-id=\"1080\" class=\"elementor elementor-1080\">\n\t\t\t\t<div class=\"elementor-element elementor-element-e98da5b e-flex e-con-boxed wpr-jarallax-no wpr-parallax-no wpr-sticky-section-no wpr-equal-height-no e-con e-parent\" data-id=\"e98da5b\" data-element_type=\"container\" data-e-type=\"container\" data-settings=\"{&quot;background_background&quot;:&quot;classic&quot;}\">\n\t\t\t\t\t<div class=\"e-con-inner\">\n\t\t\t\t<div class=\"elementor-element elementor-element-b967d48 elementor-widget elementor-widget-spacer\" data-id=\"b967d48\" data-element_type=\"widget\" data-e-type=\"widget\" data-widget_type=\"spacer.default\">\n\t\t\t\t<div class=\"elementor-widget-container\">\n\t\t\t\t\t\t\t<div class=\"elementor-spacer\">\n\t\t\t<div class=\"elementor-spacer-inner\"><\/div>\n\t\t<\/div>\n\t\t\t\t\t\t<\/div>\n\t\t\t\t<\/div>\n\t\t\t\t\t<\/div>\n\t\t\t\t<\/div>\n\t\t<div class=\"elementor-element elementor-element-e4a8cbd e-flex e-con-boxed wpr-jarallax-no wpr-parallax-no wpr-sticky-section-no wpr-equal-height-no e-con e-parent\" data-id=\"e4a8cbd\" data-element_type=\"container\" data-e-type=\"container\" data-settings=\"{&quot;background_background&quot;:&quot;classic&quot;}\">\n\t\t\t\t\t<div class=\"e-con-inner\">\n\t\t\t\t<div class=\"elementor-element elementor-element-b38a099 elementor-widget elementor-widget-heading\" data-id=\"b38a099\" data-element_type=\"widget\" data-e-type=\"widget\" data-widget_type=\"heading.default\">\n\t\t\t\t<div class=\"elementor-widget-container\">\n\t\t\t\t\t<h2 class=\"elementor-heading-title elementor-size-default\">Timpan donation project<\/h2>\t\t\t\t<\/div>\n\t\t\t\t<\/div>\n\t\t\t\t\t<\/div>\n\t\t\t\t<\/div>\n\t\t<div class=\"elementor-element elementor-element-daee40f e-flex e-con-boxed wpr-jarallax-no wpr-parallax-no wpr-sticky-section-no wpr-equal-height-no e-con e-parent\" data-id=\"daee40f\" data-element_type=\"container\" data-e-type=\"container\" data-settings=\"{&quot;background_background&quot;:&quot;classic&quot;}\">\n\t\t\t\t\t<div class=\"e-con-inner\">\n\t\t\t\t<div class=\"elementor-element elementor-element-43d1931 elementor-widget-divider--view-line elementor-widget elementor-widget-divider\" data-id=\"43d1931\" data-element_type=\"widget\" data-e-type=\"widget\" data-widget_type=\"divider.default\">\n\t\t\t\t<div class=\"elementor-widget-container\">\n\t\t\t\t\t\t\t<div class=\"elementor-divider\">\n\t\t\t<span class=\"elementor-divider-separator\">\n\t\t\t\t\t\t<\/span>\n\t\t<\/div>\n\t\t\t\t\t\t<\/div>\n\t\t\t\t<\/div>\n\t\t\t\t\t<\/div>\n\t\t\t\t<\/div>\n\t\t<div class=\"elementor-element elementor-element-eefe18e e-flex e-con-boxed wpr-jarallax-no wpr-parallax-no wpr-sticky-section-no wpr-equal-height-no e-con e-parent\" data-id=\"eefe18e\" data-element_type=\"container\" data-e-type=\"container\" data-settings=\"{&quot;background_background&quot;:&quot;classic&quot;}\">\n\t\t\t\t\t<div class=\"e-con-inner\">\n\t\t\t\t<div class=\"elementor-element elementor-element-2528424 elementor-widget elementor-widget-text-editor\" data-id=\"2528424\" data-element_type=\"widget\" data-e-type=\"widget\" data-widget_type=\"text-editor.default\">\n\t\t\t\t<div class=\"elementor-widget-container\">\n\t\t\t\t\t\t\t\t\t<p>Timpani are an indispensable part of every orchestra. They expand the sound body in large ensembles to include essential percussion parts. With the Accento Orchestra we are also pursuing the long-term goal of presenting great symphonic works. To achieve this, cramming is essential.\u00a0<span style=\"text-align: var(--text-align); letter-spacing: 0px;\">Up to now we have rented timpani specifically for our concerts - an expensive solution that at the same time leaves little opportunity to practice with the instruments during the rehearsal phase. Now we want to act sustainably and independently by building up our own timpani inventory.<\/span><\/p><p>To achieve this goal, we urgently need your support. Your donation will enable us to purchase the timpani that our orchestra needs to grow both musically and in membership over the long term. By purchasing our own instruments, we can not only work financially more efficiently, but also expand our musical possibilities.<\/p><p>If you would like to support our orchestra in a project-oriented manner and are looking for a way to make a long-term contribution to the success of the orchestra, then you can through the <b>Additional information \u201cProject Pauken\u201d in the reference of the transfer of your donation<\/b> assign it to a very specific purpose. We would be happy to keep you informed about how your donation contributed to the success of purchasing your own timpani or provide you with a donation receipt - the best way to do this is to write to us at orchesterfreunde@accento-muenchen.de.\u00a0<\/p><p>\u00a0<\/p><p><span style=\"text-align: var(--text-align); letter-spacing: 0px;\">Do you own one or more timpani and are looking for a worthy successor? We also welcome donations in kind and would be happy to get in touch with you via orchesterfreunde@accento-muenchen.de!<\/span><\/p><p><span style=\"text-align: var(--text-align); letter-spacing: 0px;\">\u00a0<\/span><\/p><p><span style=\"text-align: var(--text-align); letter-spacing: 0px;\">We would like to thank all supporters and friends of the orchestra!<\/span><\/p>\t\t\t\t\t\t\t\t<\/div>\n\t\t\t\t<\/div>\n\t\t\t\t\t<\/div>\n\t\t\t\t<\/div>\n\t\t<div class=\"elementor-element elementor-element-5b95710 e-flex e-con-boxed wpr-jarallax-no wpr-parallax-no wpr-sticky-section-no wpr-equal-height-no e-con e-parent\" data-id=\"5b95710\" data-element_type=\"container\" data-e-type=\"container\" data-settings=\"{&quot;background_background&quot;:&quot;classic&quot;}\">\n\t\t\t\t\t<div class=\"e-con-inner\">\n\t\t\t\t<div class=\"elementor-element elementor-element-a7b5e4e elementor-widget elementor-widget-spacer\" data-id=\"a7b5e4e\" data-element_type=\"widget\" data-e-type=\"widget\" data-widget_type=\"spacer.default\">\n\t\t\t\t<div class=\"elementor-widget-container\">\n\t\t\t\t\t\t\t<div class=\"elementor-spacer\">\n\t\t\t<div class=\"elementor-spacer-inner\"><\/div>\n\t\t<\/div>\n\t\t\t\t\t\t<\/div>\n\t\t\t\t<\/div>\n\t\t\t\t\t<\/div>\n\t\t\t\t<\/div>\n\t\t\t\t<\/div>","protected":false},"excerpt":{"rendered":"<p>Spendenprojekt Pauken Pauken sind ein unverzichtbarer Bestandteil eines jeden Orchesters. Sie erweitern den Klangk\u00f6rper in gro\u00dfen Besetzungen um essentiellen Schlagwerkstimmen. Auch mit dem Accento Orchester verfolgen wir langfristig das Ziel, gro\u00dfe sinfonische Werke zu pr\u00e4sentieren. Um das zu realisieren, sind Pauken unverzichtbar.\u00a0Bisher haben wir speziell f\u00fcr unsere Konzerte Pauken ausgeliehen &#8211; eine kostspielige L\u00f6sung, die gleichzeitig nur wenig M\u00f6glichkeiten l\u00e4sst, schon w\u00e4hrend der Probenphase mit den Instrumenten zu \u00fcben.\u00a0 Nun m\u00f6chten wir nachhaltig und unabh\u00e4ngig handeln, indem wir unseren eigenen Paukenbestand aufbauen. Um dieses Ziel zu erreichen, ben\u00f6tigen wir dringend Ihre Unterst\u00fctzung. Ihre Spende erm\u00f6glicht es uns, die Pauken anzuschaffen, die unser Orchester ben\u00f6tigt, um sowohl musikalisch als auch in den Mitgliederzahlen langfristig zu wachsen. Durch die Anschaffung eigener Instrumente k\u00f6nnen wir nicht nur finanziell effizienter arbeiten, sondern auch unsere musikalischen M\u00f6glichkeiten erweitern. Wenn Sie unser Orchester Projektorientiert unterst\u00fctzen m\u00f6chten und nach einer M\u00f6glichkeit suchen, einen langfristigen Beitrag zum dem Erfolg des Orchesters zu leisten, dann k\u00f6nnen Sie durch die die Zusatzangabe &#8222;Projekt Pauken&#8220; in der Referenz der \u00dcberweisung Ihre Spende einem ganz gezielten Zweck zuweisen. Gerne halten wir Sie dar\u00fcber informiert, wie Ihre Spende zum Gelingen der Anschaffung eigener Pauken beigetragen hat oder stellen Ihnen eine Spendenbescheinigung aus &#8211; schreiben Sie uns dazu am besten an orchesterfreunde@accento-muenchen.de.\u00a0 \u00a0 Sie besitzen eine oder mehrere Pauken, und sind auf der Suche nach einem w\u00fcrdigen Nachfolger? Wir freuen uns auch \u00fcber Sachspenden und treten gerne mit Ihnen \u00fcber orchesterfreunde@accento-muenchen.de in Kontakt! \u00a0 Wir danken allen Unterst\u00fctzer:innen und Freunden\/Freundinnen des Orchesters!<\/p>","protected":false},"author":1,"featured_media":0,"parent":1027,"menu_order":0,"comment_status":"closed","ping_status":"closed","template":"elementor_canvas","meta":{"_monsterinsights_skip_tracking":false,"_monsterinsights_sitenote_active":false,"_monsterinsights_sitenote_note":"","_monsterinsights_sitenote_category":0,"footnotes":""},"class_list":["post-1080","page","type-page","status-publish","hentry"],"acf":[],"_links":{"self":[{"href":"https:\/\/accento-muenchen.de\/en\/wp-json\/wp\/v2\/pages\/1080","targetHints":{"allow":["GET"]}}],"collection":[{"href":"https:\/\/accento-muenchen.de\/en\/wp-json\/wp\/v2\/pages"}],"about":[{"href":"https:\/\/accento-muenchen.de\/en\/wp-json\/wp\/v2\/types\/page"}],"author":[{"embeddable":true,"href":"https:\/\/accento-muenchen.de\/en\/wp-json\/wp\/v2\/users\/1"}],"replies":[{"embeddable":true,"href":"https:\/\/accento-muenchen.de\/en\/wp-json\/wp\/v2\/comments?post=1080"}],"version-history":[{"count":7,"href":"https:\/\/accento-muenchen.de\/en\/wp-json\/wp\/v2\/pages\/1080\/revisions"}],"predecessor-version":[{"id":1138,"href":"https:\/\/accento-muenchen.de\/en\/wp-json\/wp\/v2\/pages\/1080\/revisions\/1138"}],"up":[{"embeddable":true,"href":"https:\/\/accento-muenchen.de\/en\/wp-json\/wp\/v2\/pages\/1027"}],"wp:attachment":[{"href":"https:\/\/accento-muenchen.de\/en\/wp-json\/wp\/v2\/media?parent=1080"}],"curies":[{"name":"wp","href":"https:\/\/api.w.org\/{rel}","templated":true}]}}